{"id":348,"date":"2023-07-26T20:31:32","date_gmt":"2023-07-26T20:31:32","guid":{"rendered":"http:\/\/www.ceamtraining.com\/?page_id=348"},"modified":"2023-07-27T22:26:08","modified_gmt":"2023-07-27T22:26:08","slug":"noticias","status":"publish","type":"page","link":"http:\/\/www.ceamtraining.com\/index.php\/noticias\/","title":{"rendered":"NOT\u00cdCIAS"},"content":{"rendered":"\t\t<div data-elementor-type=\"wp-page\" data-elementor-id=\"348\" class=\"elementor elementor-348\">\n\t\t\t\t\t\t<section class=\"elementor-section elementor-top-section elementor-element elementor-element-58d9e52 elementor-section-boxed elementor-section-height-default elementor-section-height-default\" data-id=\"58d9e52\" data-element_type=\"section\" data-e-type=\"section\">\n\t\t\t\t\t\t<div class=\"elementor-container elementor-column-gap-default\">\n\t\t\t\t\t<div class=\"elementor-column elementor-col-100 elementor-top-column elementor-element elementor-element-de17e8b\" data-id=\"de17e8b\" data-element_type=\"column\" data-e-type=\"column\">\n\t\t\t<div class=\"elementor-widget-wrap elementor-element-populated\">\n\t\t\t\t\t\t<div class=\"elementor-element elementor-element-0649a13 elementor-widget elementor-widget-heading\" data-id=\"0649a13\" data-element_type=\"widget\" data-e-type=\"widget\" data-widget_type=\"heading.default\">\n\t\t\t\t<div class=\"elementor-widget-container\">\n\t\t\t\t\t<h2 class=\"elementor-heading-title elementor-size-default\">Publicaci\u00f3n de la presentaci\u00f3n del CEAM al inicio de la temporada<\/h2>\t\t\t\t<\/div>\n\t\t\t\t<\/div>\n\t\t\t\t\t<\/div>\n\t\t<\/div>\n\t\t\t\t\t<\/div>\n\t\t<\/section>\n\t\t\t\t<section class=\"elementor-section elementor-top-section elementor-element elementor-element-9156783 elementor-section-boxed elementor-section-height-default elementor-section-height-default\" data-id=\"9156783\" data-element_type=\"section\" data-e-type=\"section\">\n\t\t\t\t\t\t<div class=\"elementor-container elementor-column-gap-default\">\n\t\t\t\t\t<div class=\"elementor-column elementor-col-50 elementor-top-column elementor-element elementor-element-4b3e5bf\" data-id=\"4b3e5bf\" data-element_type=\"column\" data-e-type=\"column\">\n\t\t\t<div class=\"elementor-widget-wrap elementor-element-populated\">\n\t\t\t\t\t\t<div class=\"elementor-element elementor-element-1d51447 elementor-widget elementor-widget-image\" data-id=\"1d51447\" data-element_type=\"widget\" data-e-type=\"widget\" data-widget_type=\"image.default\">\n\t\t\t\t<div class=\"elementor-widget-container\">\n\t\t\t\t\t\t\t\t\t\t\t\t\t\t\t<img fetchpriority=\"high\" decoding=\"async\" width=\"742\" height=\"1024\" src=\"http:\/\/www.ceamtraining.com\/wp-content\/uploads\/2023\/07\/CAEM2-742x1024.jpeg\" class=\"attachment-large size-large wp-image-540\" alt=\"\" srcset=\"http:\/\/www.ceamtraining.com\/wp-content\/uploads\/2023\/07\/CAEM2-742x1024.jpeg 742w, http:\/\/www.ceamtraining.com\/wp-content\/uploads\/2023\/07\/CAEM2-217x300.jpeg 217w, http:\/\/www.ceamtraining.com\/wp-content\/uploads\/2023\/07\/CAEM2-768x1060.jpeg 768w, http:\/\/www.ceamtraining.com\/wp-content\/uploads\/2023\/07\/CAEM2.jpeg 1080w\" sizes=\"100vw\" \/>\t\t\t\t\t\t\t\t\t\t\t\t\t\t\t<\/div>\n\t\t\t\t<\/div>\n\t\t\t\t<div class=\"elementor-element elementor-element-e893b67 elementor-widget elementor-widget-image\" data-id=\"e893b67\" data-element_type=\"widget\" data-e-type=\"widget\" data-widget_type=\"image.default\">\n\t\t\t\t<div class=\"elementor-widget-container\">\n\t\t\t\t\t\t\t\t\t\t\t\t\t\t\t<img decoding=\"async\" width=\"732\" height=\"1024\" src=\"http:\/\/www.ceamtraining.com\/wp-content\/uploads\/2023\/07\/CEAM1-732x1024.jpeg\" class=\"attachment-large size-large wp-image-539\" alt=\"\" srcset=\"http:\/\/www.ceamtraining.com\/wp-content\/uploads\/2023\/07\/CEAM1-732x1024.jpeg 732w, http:\/\/www.ceamtraining.com\/wp-content\/uploads\/2023\/07\/CEAM1-214x300.jpeg 214w, http:\/\/www.ceamtraining.com\/wp-content\/uploads\/2023\/07\/CEAM1-768x1075.jpeg 768w, http:\/\/www.ceamtraining.com\/wp-content\/uploads\/2023\/07\/CEAM1.jpeg 1072w\" sizes=\"100vw\" \/>\t\t\t\t\t\t\t\t\t\t\t\t\t\t\t<\/div>\n\t\t\t\t<\/div>\n\t\t\t\t\t<\/div>\n\t\t<\/div>\n\t\t\t\t<div class=\"elementor-column elementor-col-50 elementor-top-column elementor-element elementor-element-3583913\" data-id=\"3583913\" data-element_type=\"column\" data-e-type=\"column\">\n\t\t\t<div class=\"elementor-widget-wrap elementor-element-populated\">\n\t\t\t\t\t\t<div class=\"elementor-element elementor-element-040ad40 elementor-widget elementor-widget-image\" data-id=\"040ad40\" data-element_type=\"widget\" data-e-type=\"widget\" data-widget_type=\"image.default\">\n\t\t\t\t<div class=\"elementor-widget-container\">\n\t\t\t\t\t\t\t\t\t\t\t\t\t\t\t<img decoding=\"async\" width=\"773\" height=\"1024\" src=\"http:\/\/www.ceamtraining.com\/wp-content\/uploads\/2023\/07\/CEAM3-773x1024.jpeg\" class=\"attachment-large size-large wp-image-542\" alt=\"\" srcset=\"http:\/\/www.ceamtraining.com\/wp-content\/uploads\/2023\/07\/CEAM3-773x1024.jpeg 773w, http:\/\/www.ceamtraining.com\/wp-content\/uploads\/2023\/07\/CEAM3-227x300.jpeg 227w, http:\/\/www.ceamtraining.com\/wp-content\/uploads\/2023\/07\/CEAM3-768x1017.jpeg 768w, http:\/\/www.ceamtraining.com\/wp-content\/uploads\/2023\/07\/CEAM3.jpeg 1080w\" sizes=\"100vw\" \/>\t\t\t\t\t\t\t\t\t\t\t\t\t\t\t<\/div>\n\t\t\t\t<\/div>\n\t\t\t\t<div class=\"elementor-element elementor-element-c6a554e elementor-widget elementor-widget-image\" data-id=\"c6a554e\" data-element_type=\"widget\" data-e-type=\"widget\" data-widget_type=\"image.default\">\n\t\t\t\t<div class=\"elementor-widget-container\">\n\t\t\t\t\t\t\t\t\t\t\t\t\t\t\t<img loading=\"lazy\" decoding=\"async\" width=\"731\" height=\"1024\" src=\"http:\/\/www.ceamtraining.com\/wp-content\/uploads\/2023\/07\/CEAM2-731x1024.jpeg\" class=\"attachment-large size-large wp-image-541\" alt=\"\" srcset=\"http:\/\/www.ceamtraining.com\/wp-content\/uploads\/2023\/07\/CEAM2-731x1024.jpeg 731w, http:\/\/www.ceamtraining.com\/wp-content\/uploads\/2023\/07\/CEAM2-214x300.jpeg 214w, http:\/\/www.ceamtraining.com\/wp-content\/uploads\/2023\/07\/CEAM2-768x1076.jpeg 768w, http:\/\/www.ceamtraining.com\/wp-content\/uploads\/2023\/07\/CEAM2.jpeg 1076w\" sizes=\"100vw\" \/>\t\t\t\t\t\t\t\t\t\t\t\t\t\t\t<\/div>\n\t\t\t\t<\/div>\n\t\t\t\t\t<\/div>\n\t\t<\/div>\n\t\t\t\t\t<\/div>\n\t\t<\/section>\n\t\t\t\t<section class=\"elementor-section elementor-top-section elementor-element elementor-element-1f3f821 elementor-section-boxed elementor-section-height-default elementor-section-height-default\" data-id=\"1f3f821\" data-element_type=\"section\" data-e-type=\"section\">\n\t\t\t\t\t\t<div class=\"elementor-container elementor-column-gap-default\">\n\t\t\t\t\t<div class=\"elementor-column elementor-col-100 elementor-top-column elementor-element elementor-element-10d811b\" data-id=\"10d811b\" data-element_type=\"column\" data-e-type=\"column\">\n\t\t\t<div class=\"elementor-widget-wrap elementor-element-populated\">\n\t\t\t\t\t\t<div class=\"elementor-element elementor-element-811ded7 elementor-widget elementor-widget-heading\" data-id=\"811ded7\" data-element_type=\"widget\" data-e-type=\"widget\" data-widget_type=\"heading.default\">\n\t\t\t\t<div class=\"elementor-widget-container\">\n\t\t\t\t\t<h2 class=\"elementor-heading-title elementor-size-default\">Publicaciones en el Sport, El diario de M\u00e1laga, Power Instep, Joan Rius y Gabinete de Psicolog\u00eda deportiva<\/h2>\t\t\t\t<\/div>\n\t\t\t\t<\/div>\n\t\t\t\t\t<\/div>\n\t\t<\/div>\n\t\t\t\t\t<\/div>\n\t\t<\/section>\n\t\t\t\t<section class=\"elementor-section elementor-top-section elementor-element elementor-element-3ae0c8e elementor-section-boxed elementor-section-height-default elementor-section-height-default\" data-id=\"3ae0c8e\" data-element_type=\"section\" data-e-type=\"section\">\n\t\t\t\t\t\t<div class=\"elementor-container elementor-column-gap-default\">\n\t\t\t\t\t<div class=\"elementor-column elementor-col-50 elementor-top-column elementor-element elementor-element-1ba8f24\" data-id=\"1ba8f24\" data-element_type=\"column\" data-e-type=\"column\">\n\t\t\t<div class=\"elementor-widget-wrap elementor-element-populated\">\n\t\t\t\t\t\t<div class=\"elementor-element elementor-element-5074b25 elementor-widget elementor-widget-image\" data-id=\"5074b25\" data-element_type=\"widget\" data-e-type=\"widget\" data-widget_type=\"image.default\">\n\t\t\t\t<div class=\"elementor-widget-container\">\n\t\t\t\t\t\t\t\t\t\t\t\t\t\t\t<img loading=\"lazy\" decoding=\"async\" width=\"510\" height=\"877\" src=\"http:\/\/www.ceamtraining.com\/wp-content\/uploads\/2023\/07\/Captura-de-pantalla-2023-07-28-a-las-0.13.37.png\" class=\"attachment-large size-large wp-image-556\" alt=\"\" srcset=\"http:\/\/www.ceamtraining.com\/wp-content\/uploads\/2023\/07\/Captura-de-pantalla-2023-07-28-a-las-0.13.37.png 510w, http:\/\/www.ceamtraining.com\/wp-content\/uploads\/2023\/07\/Captura-de-pantalla-2023-07-28-a-las-0.13.37-174x300.png 174w\" sizes=\"100vw\" \/>\t\t\t\t\t\t\t\t\t\t\t\t\t\t\t<\/div>\n\t\t\t\t<\/div>\n\t\t\t\t\t<\/div>\n\t\t<\/div>\n\t\t\t\t<div class=\"elementor-column elementor-col-50 elementor-top-column elementor-element elementor-element-fb117a6\" data-id=\"fb117a6\" data-element_type=\"column\" data-e-type=\"column\">\n\t\t\t<div class=\"elementor-widget-wrap elementor-element-populated\">\n\t\t\t\t\t\t<div class=\"elementor-element elementor-element-d4e19f4 elementor-widget elementor-widget-image\" data-id=\"d4e19f4\" data-element_type=\"widget\" data-e-type=\"widget\" data-widget_type=\"image.default\">\n\t\t\t\t<div class=\"elementor-widget-container\">\n\t\t\t\t\t\t\t\t\t\t\t\t\t\t\t<img loading=\"lazy\" decoding=\"async\" width=\"697\" height=\"853\" src=\"http:\/\/www.ceamtraining.com\/wp-content\/uploads\/2023\/07\/Captura-de-pantalla-2023-07-28-a-las-0.15.54.png\" class=\"attachment-large size-large wp-image-553\" alt=\"\" srcset=\"http:\/\/www.ceamtraining.com\/wp-content\/uploads\/2023\/07\/Captura-de-pantalla-2023-07-28-a-las-0.15.54.png 697w, http:\/\/www.ceamtraining.com\/wp-content\/uploads\/2023\/07\/Captura-de-pantalla-2023-07-28-a-las-0.15.54-245x300.png 245w\" sizes=\"100vw\" \/>\t\t\t\t\t\t\t\t\t\t\t\t\t\t\t<\/div>\n\t\t\t\t<\/div>\n\t\t\t\t\t<\/div>\n\t\t<\/div>\n\t\t\t\t\t<\/div>\n\t\t<\/section>\n\t\t\t\t<section class=\"elementor-section elementor-top-section elementor-element elementor-element-d360eca elementor-section-boxed elementor-section-height-default elementor-section-height-default\" data-id=\"d360eca\" data-element_type=\"section\" data-e-type=\"section\">\n\t\t\t\t\t\t<div class=\"elementor-container elementor-column-gap-default\">\n\t\t\t\t\t<div class=\"elementor-column elementor-col-50 elementor-top-column elementor-element elementor-element-ab2ddc2\" data-id=\"ab2ddc2\" data-element_type=\"column\" data-e-type=\"column\">\n\t\t\t<div class=\"elementor-widget-wrap elementor-element-populated\">\n\t\t\t\t\t\t<div class=\"elementor-element elementor-element-f4cadf4 elementor-widget elementor-widget-image\" data-id=\"f4cadf4\" data-element_type=\"widget\" data-e-type=\"widget\" data-widget_type=\"image.default\">\n\t\t\t\t<div class=\"elementor-widget-container\">\n\t\t\t\t\t\t\t\t\t\t\t\t\t\t\t<img loading=\"lazy\" decoding=\"async\" width=\"689\" height=\"790\" src=\"http:\/\/www.ceamtraining.com\/wp-content\/uploads\/2023\/07\/Captura-de-pantalla-2023-07-28-a-las-0.16.12.png\" class=\"attachment-large size-large wp-image-552\" alt=\"\" srcset=\"http:\/\/www.ceamtraining.com\/wp-content\/uploads\/2023\/07\/Captura-de-pantalla-2023-07-28-a-las-0.16.12.png 689w, http:\/\/www.ceamtraining.com\/wp-content\/uploads\/2023\/07\/Captura-de-pantalla-2023-07-28-a-las-0.16.12-262x300.png 262w\" sizes=\"100vw\" \/>\t\t\t\t\t\t\t\t\t\t\t\t\t\t\t<\/div>\n\t\t\t\t<\/div>\n\t\t\t\t<div class=\"elementor-element elementor-element-9192288 elementor-widget elementor-widget-image\" data-id=\"9192288\" data-element_type=\"widget\" data-e-type=\"widget\" data-widget_type=\"image.default\">\n\t\t\t\t<div class=\"elementor-widget-container\">\n\t\t\t\t\t\t\t\t\t\t\t\t\t\t\t<img loading=\"lazy\" decoding=\"async\" width=\"950\" height=\"637\" src=\"http:\/\/www.ceamtraining.com\/wp-content\/uploads\/2023\/07\/Captura-de-pantalla-2023-07-28-a-las-0.15.01.png\" class=\"attachment-large size-large wp-image-554\" alt=\"\" srcset=\"http:\/\/www.ceamtraining.com\/wp-content\/uploads\/2023\/07\/Captura-de-pantalla-2023-07-28-a-las-0.15.01.png 984w, http:\/\/www.ceamtraining.com\/wp-content\/uploads\/2023\/07\/Captura-de-pantalla-2023-07-28-a-las-0.15.01-300x201.png 300w, http:\/\/www.ceamtraining.com\/wp-content\/uploads\/2023\/07\/Captura-de-pantalla-2023-07-28-a-las-0.15.01-768x515.png 768w\" sizes=\"100vw\" \/>\t\t\t\t\t\t\t\t\t\t\t\t\t\t\t<\/div>\n\t\t\t\t<\/div>\n\t\t\t\t\t<\/div>\n\t\t<\/div>\n\t\t\t\t<div class=\"elementor-column elementor-col-50 elementor-top-column elementor-element elementor-element-252acd5\" data-id=\"252acd5\" data-element_type=\"column\" data-e-type=\"column\">\n\t\t\t<div class=\"elementor-widget-wrap elementor-element-populated\">\n\t\t\t\t\t\t<div class=\"elementor-element elementor-element-22bb0fc elementor-widget elementor-widget-image\" data-id=\"22bb0fc\" data-element_type=\"widget\" data-e-type=\"widget\" data-widget_type=\"image.default\">\n\t\t\t\t<div class=\"elementor-widget-container\">\n\t\t\t\t\t\t\t\t\t\t\t\t\t\t\t<img loading=\"lazy\" decoding=\"async\" width=\"950\" height=\"858\" src=\"http:\/\/www.ceamtraining.com\/wp-content\/uploads\/2023\/07\/Captura-de-pantalla-2023-07-28-a-las-0.14.29.png\" class=\"attachment-large size-large wp-image-555\" alt=\"\" srcset=\"http:\/\/www.ceamtraining.com\/wp-content\/uploads\/2023\/07\/Captura-de-pantalla-2023-07-28-a-las-0.14.29.png 982w, http:\/\/www.ceamtraining.com\/wp-content\/uploads\/2023\/07\/Captura-de-pantalla-2023-07-28-a-las-0.14.29-300x271.png 300w, http:\/\/www.ceamtraining.com\/wp-content\/uploads\/2023\/07\/Captura-de-pantalla-2023-07-28-a-las-0.14.29-768x694.png 768w\" sizes=\"100vw\" \/>\t\t\t\t\t\t\t\t\t\t\t\t\t\t\t<\/div>\n\t\t\t\t<\/div>\n\t\t\t\t<div class=\"elementor-element elementor-element-2c57c09 elementor-widget elementor-widget-image\" data-id=\"2c57c09\" data-element_type=\"widget\" data-e-type=\"widget\" data-widget_type=\"image.default\">\n\t\t\t\t<div class=\"elementor-widget-container\">\n\t\t\t\t\t\t\t\t\t\t\t\t\t\t\t<img loading=\"lazy\" decoding=\"async\" width=\"950\" height=\"580\" src=\"http:\/\/www.ceamtraining.com\/wp-content\/uploads\/2023\/07\/Captura-de-pantalla-2023-07-28-a-las-0.17.36-1024x625.png\" class=\"attachment-large size-large wp-image-551\" alt=\"\" srcset=\"http:\/\/www.ceamtraining.com\/wp-content\/uploads\/2023\/07\/Captura-de-pantalla-2023-07-28-a-las-0.17.36-1024x625.png 1024w, http:\/\/www.ceamtraining.com\/wp-content\/uploads\/2023\/07\/Captura-de-pantalla-2023-07-28-a-las-0.17.36-300x183.png 300w, http:\/\/www.ceamtraining.com\/wp-content\/uploads\/2023\/07\/Captura-de-pantalla-2023-07-28-a-las-0.17.36-768x469.png 768w, http:\/\/www.ceamtraining.com\/wp-content\/uploads\/2023\/07\/Captura-de-pantalla-2023-07-28-a-las-0.17.36-1536x938.png 1536w, http:\/\/www.ceamtraining.com\/wp-content\/uploads\/2023\/07\/Captura-de-pantalla-2023-07-28-a-las-0.17.36.png 1559w\" sizes=\"100vw\" \/>\t\t\t\t\t\t\t\t\t\t\t\t\t\t\t<\/div>\n\t\t\t\t<\/div>\n\t\t\t\t\t<\/div>\n\t\t<\/div>\n\t\t\t\t\t<\/div>\n\t\t<\/section>\n\t\t\t\t<\/div>\n\t\t","protected":false},"excerpt":{"rendered":"<p>Publicaci\u00f3n de la presentaci\u00f3n del CEAM al inicio de la temporada Publicaciones en el Sport, El diario de M\u00e1laga, Power Instep, Joan Rius y Gabinete de Psicolog\u00eda deportiva<\/p>\n","protected":false},"author":1,"featured_media":0,"parent":0,"menu_order":0,"comment_status":"closed","ping_status":"closed","template":"","meta":{"_monsterinsights_skip_tracking":false,"_monsterinsights_sitenote_active":false,"_monsterinsights_sitenote_note":"","_monsterinsights_sitenote_category":0,"footnotes":""},"class_list":["post-348","page","type-page","status-publish","hentry"],"aioseo_notices":[],"_links":{"self":[{"href":"http:\/\/www.ceamtraining.com\/index.php\/wp-json\/wp\/v2\/pages\/348","targetHints":{"allow":["GET"]}}],"collection":[{"href":"http:\/\/www.ceamtraining.com\/index.php\/wp-json\/wp\/v2\/pages"}],"about":[{"href":"http:\/\/www.ceamtraining.com\/index.php\/wp-json\/wp\/v2\/types\/page"}],"author":[{"embeddable":true,"href":"http:\/\/www.ceamtraining.com\/index.php\/wp-json\/wp\/v2\/users\/1"}],"replies":[{"embeddable":true,"href":"http:\/\/www.ceamtraining.com\/index.php\/wp-json\/wp\/v2\/comments?post=348"}],"version-history":[{"count":4,"href":"http:\/\/www.ceamtraining.com\/index.php\/wp-json\/wp\/v2\/pages\/348\/revisions"}],"predecessor-version":[{"id":566,"href":"http:\/\/www.ceamtraining.com\/index.php\/wp-json\/wp\/v2\/pages\/348\/revisions\/566"}],"wp:attachment":[{"href":"http:\/\/www.ceamtraining.com\/index.php\/wp-json\/wp\/v2\/media?parent=348"}],"curies":[{"name":"wp","href":"https:\/\/api.w.org\/{rel}","templated":true}]}}